{"id":295,"date":"2024-03-01T11:34:25","date_gmt":"2024-03-01T10:34:25","guid":{"rendered":"https:\/\/martipoucons.com\/?page_id=295"},"modified":"2024-03-01T11:47:58","modified_gmt":"2024-03-01T10:47:58","slug":"elementor-295","status":"publish","type":"page","link":"https:\/\/martipoucons.com\/index.php\/elementor-295\/","title":{"rendered":"Pol\u00edtica de Privacitat &#8211; Mart\u00ed Pou Construccions, S.L.U."},"content":{"rendered":"\t\t<div data-elementor-type=\"wp-page\" data-elementor-id=\"295\" class=\"elementor elementor-295\" data-elementor-post-type=\"page\">\n\t\t\t\t<div class=\"elementor-element elementor-element-a1026b4 e-con-full e-flex wpr-particle-no wpr-jarallax-no wpr-parallax-no wpr-sticky-section-no e-con e-parent\" data-id=\"a1026b4\" data-element_type=\"container\">\n\t\t\t\t<div class=\"elementor-element elementor-element-c0554f8 elementor-widget elementor-widget-text-editor\" data-id=\"c0554f8\" data-element_type=\"widget\" data-widget_type=\"text-editor.default\">\n\t\t\t\t<div class=\"elementor-widget-container\">\n\t\t\t\t\t\t\t\t\t<p>Mart\u00ed Pou Construccions, S.L.U. (n\u00ba empresa: B-17425455), amb seu a C\/ Marinada, 22 &#8211; Urb. Mas Pau, 17742 Avinyonet de Puigvent\u00f3s, tel\u00e8fon 659469533 o 972546567, correu electr\u00f2nic <a target=\"_new\">martipou@outlook.com<\/a> i lloc web <a href=\"http:\/\/www.martipoucons.com\/\" target=\"_new\">www.martipoucons.com<\/a>, respecta la privacitat dels usuaris del seu lloc web i compleix amb les legislacions de protecci\u00f3 de dades aplicables.<\/p><p><strong>1. Recopilaci\u00f3 de Dades:<\/strong><\/p><p>1.1 <strong>Cookies:<\/strong> Utilitzem cookies per millorar la carrega de la p\u00e0gina. Aquestes cookies, que s\u00f3n petites unitats d&#8217;informaci\u00f3 emmagatzemades al dispositiu de l&#8217;usuari, ajuden a optimitzar la seva experi\u00e8ncia de navegaci\u00f3. Podeu gestionar les vostres prefer\u00e8ncies de cookies mitjan\u00e7ant la configuraci\u00f3 del navegador.<\/p><p>1.2 <strong>Formularis:<\/strong> Les dades proporcionades a trav\u00e9s dels formularis de contacte es recopilen per gestionar les consultes i sol\u00b7licituds rebudes. Aquesta informaci\u00f3 es processa seguint els requisits de confidencialitat i seguretat.<\/p><p><strong>2. \u00das de les Dades:<\/strong><\/p><p>2.1 <strong>Cookies:<\/strong> Les cookies s&#8217;utilitzen amb l&#8217;objectiu de millorar la funcionalitat del lloc web. Cap dada personal identificable \u00e9s recopilada a trav\u00e9s d&#8217;aquestes cookies.<\/p><p>2.2 <strong>Formularis:<\/strong> Les dades facilitades als formularis es processen amb la finalitat d&#8217;atendre les consultes, sol\u00b7licituds o comunicacions rebudes.<\/p><p><strong>3. Compartici\u00f3 de Dades:<\/strong><\/p><p>Mart\u00ed Pou Construccions, S.L.U. no comparteix les dades amb tercers, llevat que sigui necessari per atendre les sol\u00b7licituds dels usuaris o per complir amb obligacions legals.<\/p><p><strong>4. Drets dels Usuaris:<\/strong><\/p><p>Els usuaris tenen dret a exercir els seus drets d&#8217;acc\u00e9s, rectificaci\u00f3, supressi\u00f3 i oposici\u00f3 al tractament de les seves dades personals. Per exercir aquests drets, poden posar-se en contacte amb nosaltres a trav\u00e9s dels mitjans proporcionats.<\/p><p><strong>5. Legislaci\u00f3 Aplicable:<\/strong><\/p><p>Aquesta pol\u00edtica est\u00e0 alineada amb la Llei Org\u00e0nica 3\/2018, de 5 de desembre, de Protecci\u00f3 de Dades Personals i garantia dels drets digitals (LOPDGDD) i amb el Reglament (UE) 2016\/679 del Parlament Europeu i del Consell, de 27 d&#8217;abril de 2016, relatiu a la protecci\u00f3 de les persones f\u00edsiques pel que fa al tractament de dades personals i a la lliure circulaci\u00f3 d&#8217;aquestes dades (Reglament General de Protecci\u00f3 de Dades &#8211; RGPD).<\/p><p><strong>6. Canvis en la Pol\u00edtica de Privacitat:<\/strong><\/p><p>Mart\u00ed Pou Construccions, S.L.U. es reserva el dret de modificar aquesta Pol\u00edtica de Privacitat per adaptar-se a canvis legislatius o pr\u00e0ctiques de privacitat actualitzades. Les actualitzacions es publicaran al lloc web.<\/p><p>Aquesta Pol\u00edtica de Privacitat ha estat revisada l&#8217;\u00faltim dia de la meva coneixen\u00e7a (gener de 2023).<\/p>\t\t\t\t\t\t\t\t<\/div>\n\t\t\t\t<\/div>\n\t\t\t\t<\/div>\n\t\t<div class=\"elementor-element elementor-element-5e2335f e-con-full e-flex wpr-particle-no wpr-jarallax-no wpr-parallax-no wpr-sticky-section-no e-con e-parent\" data-id=\"5e2335f\" data-element_type=\"container\" data-settings=\"{&quot;background_background&quot;:&quot;classic&quot;,&quot;position&quot;:&quot;fixed&quot;}\">\n\t\t<div class=\"elementor-element elementor-element-2b2279f f-menu-section e-flex e-con-boxed wpr-particle-no wpr-jarallax-no wpr-parallax-no wpr-sticky-section-no e-con e-child\" data-id=\"2b2279f\" data-element_type=\"container\" data-settings=\"{&quot;background_background&quot;:&quot;gradient&quot;}\">\n\t\t\t\t\t<div class=\"e-con-inner\">\n\t\t<div class=\"elementor-element elementor-element-b0df203 f-close e-flex e-con-boxed wpr-particle-no wpr-jarallax-no wpr-parallax-no wpr-sticky-section-no e-con e-child\" data-id=\"b0df203\" data-element_type=\"container\">\n\t\t\t\t\t<div class=\"e-con-inner\">\n\t\t\t\t<div class=\"elementor-element elementor-element-2eff3b6 e-transform elementor-widget-divider--view-line elementor-widget elementor-widget-divider\" data-id=\"2eff3b6\" data-element_type=\"widget\" data-settings=\"{&quot;_transform_rotateZ_effect&quot;:{&quot;unit&quot;:&quot;px&quot;,&quot;size&quot;:45,&quot;sizes&quot;:[]},&quot;_transform_rotateZ_effect_tablet&quot;:{&quot;unit&quot;:&quot;deg&quot;,&quot;size&quot;:&quot;&quot;,&quot;sizes&quot;:[]},&quot;_transform_rotateZ_effect_mobile&quot;:{&quot;unit&quot;:&quot;deg&quot;,&quot;size&quot;:&quot;&quot;,&quot;sizes&quot;:[]}}\" data-widget_type=\"divider.default\">\n\t\t\t\t<div class=\"elementor-widget-container\">\n\t\t\t\t\t\t\t<div class=\"elementor-divider\">\n\t\t\t<span class=\"elementor-divider-separator\">\n\t\t\t\t\t\t<\/span>\n\t\t<\/div>\n\t\t\t\t\t\t<\/div>\n\t\t\t\t<\/div>\n\t\t\t\t<div class=\"elementor-element elementor-element-eab892e elementor-absolute e-transform elementor-widget-divider--view-line elementor-widget elementor-widget-divider\" data-id=\"eab892e\" data-element_type=\"widget\" data-settings=\"{&quot;_position&quot;:&quot;absolute&quot;,&quot;_transform_rotateZ_effect&quot;:{&quot;unit&quot;:&quot;px&quot;,&quot;size&quot;:-45,&quot;sizes&quot;:[]},&quot;_transform_rotateZ_effect_tablet&quot;:{&quot;unit&quot;:&quot;deg&quot;,&quot;size&quot;:&quot;&quot;,&quot;sizes&quot;:[]},&quot;_transform_rotateZ_effect_mobile&quot;:{&quot;unit&quot;:&quot;deg&quot;,&quot;size&quot;:&quot;&quot;,&quot;sizes&quot;:[]}}\" data-widget_type=\"divider.default\">\n\t\t\t\t<div class=\"elementor-widget-container\">\n\t\t\t\t\t\t\t<div class=\"elementor-divider\">\n\t\t\t<span class=\"elementor-divider-separator\">\n\t\t\t\t\t\t<\/span>\n\t\t<\/div>\n\t\t\t\t\t\t<\/div>\n\t\t\t\t<\/div>\n\t\t\t\t\t<\/div>\n\t\t\t\t<\/div>\n\t\t<div class=\"elementor-element elementor-element-876f568 e-con-full f-close e-flex wpr-particle-no wpr-jarallax-no wpr-parallax-no wpr-sticky-section-no e-con e-child\" data-id=\"876f568\" data-element_type=\"container\">\n\t\t\t\t<div class=\"elementor-element elementor-element-26146a9 elementor-widget__width-initial f-menu elementor-icon-list--layout-traditional elementor-list-item-link-full_width elementor-widget elementor-widget-icon-list\" data-id=\"26146a9\" data-element_type=\"widget\" data-widget_type=\"icon-list.default\">\n\t\t\t\t<div class=\"elementor-widget-container\">\n\t\t\t\t\t\t\t<ul class=\"elementor-icon-list-items\">\n\t\t\t\t\t\t\t<li class=\"elementor-icon-list-item\">\n\t\t\t\t\t\t\t\t\t\t\t<a href=\"https:\/\/www.martipoucons.com\/#INICI\">\n\n\t\t\t\t\t\t\t\t\t\t\t<span class=\"elementor-icon-list-text\">Inici<\/span>\n\t\t\t\t\t\t\t\t\t\t\t<\/a>\n\t\t\t\t\t\t\t\t\t<\/li>\n\t\t\t\t\t\t\t\t<li class=\"elementor-icon-list-item\">\n\t\t\t\t\t\t\t\t\t\t\t<a href=\"https:\/\/www.martipoucons.com\/#QUISOMS\">\n\n\t\t\t\t\t\t\t\t\t\t\t<span class=\"elementor-icon-list-text\">Qui Som<\/span>\n\t\t\t\t\t\t\t\t\t\t\t<\/a>\n\t\t\t\t\t\t\t\t\t<\/li>\n\t\t\t\t\t\t\t\t<li class=\"elementor-icon-list-item\">\n\t\t\t\t\t\t\t\t\t\t\t<a href=\"https:\/\/www.martipoucons.com\/#QUEOFERIM\">\n\n\t\t\t\t\t\t\t\t\t\t\t<span class=\"elementor-icon-list-text\">Que Oferim<\/span>\n\t\t\t\t\t\t\t\t\t\t\t<\/a>\n\t\t\t\t\t\t\t\t\t<\/li>\n\t\t\t\t\t\t\t\t<li class=\"elementor-icon-list-item\">\n\t\t\t\t\t\t\t\t\t\t\t<a href=\"https:\/\/www.martipoucons.com\/#SERVEIS\">\n\n\t\t\t\t\t\t\t\t\t\t\t<span class=\"elementor-icon-list-text\">Serveis<\/span>\n\t\t\t\t\t\t\t\t\t\t\t<\/a>\n\t\t\t\t\t\t\t\t\t<\/li>\n\t\t\t\t\t\t\t\t<li class=\"elementor-icon-list-item\">\n\t\t\t\t\t\t\t\t\t\t\t<a href=\"https:\/\/www.martipoucons.com\/#CONTACT\">\n\n\t\t\t\t\t\t\t\t\t\t\t<span class=\"elementor-icon-list-text\">Contacta<\/span>\n\t\t\t\t\t\t\t\t\t\t\t<\/a>\n\t\t\t\t\t\t\t\t\t<\/li>\n\t\t\t\t\t\t<\/ul>\n\t\t\t\t\t\t<\/div>\n\t\t\t\t<\/div>\n\t\t\t\t<div class=\"elementor-element elementor-element-712ccda elementor-widget elementor-widget-html\" data-id=\"712ccda\" data-element_type=\"widget\" data-widget_type=\"html.default\">\n\t\t\t\t<div class=\"elementor-widget-container\">\n\t\t\t\t\t<script src=\"https:\/\/code.jquery.com\/jquery-3.6.0.min.js\"><\/script>\n<script>\n\nvar $ = jQuery\n    leavePage = false\n\nvar placeImages = function(){\n    \n$('.f-menu .elementor-icon-list-item').each(function(i){\n    \n    var offset = 20, \n        x = $(this).find('.elementor-icon-list-text').width() + offset,\n        y = $(this).offset().top - $('.f-menu .elementor-icon-list-item').eq(0).offset().top\n        \n    console.log($(window).width())\n        \n    if( $(window).width() < 768 ) { x = 0 }\n    \n    $('.menu-image .elementor-gallery-item').eq(i).css('transform', 'translate(' + x + 'px,' + y + 'px)')\n    \n    $('.menu-image').css('top', $('.f-menu .elementor-icon-list-item').eq(0).offset().top - $('.f-menu-section').offset().top)\n})\n}\n\n\n$(document).ready(function(){\n    \nplaceImages()\n\nvar menuStart = 0.8;\n    menuDiff = 0.1;\n\n$('.f-menu-section .elementor-icon-list-item').each(function(){\n    \n    $(this).css('transition-delay', menuStart + 's')\n    menuStart += menuDiff\n})\n\nvar menuHovered = false\n\n$('.f-menu .elementor-icon-list-item').hover(function(){\n    \n    var i = $(this).index()\n   $('.menu-image .elementor-gallery-item').eq(i).addClass('active')\n   $('.menu-image').css('z-index', 1)\n   menuHovered = true\n}, function(){\n    $('.menu-image .elementor-gallery-item').removeClass('active')\n    menuHovered = false\n    setTimeout(function(){\n        if(menuHovered) return\n        $('.menu-image').css('z-index', -1)\n        \n    },300)\n})\n\n$('.f-open').on('click', function(){\n    $('.f-menu-section').addClass('active')\n})\n\n$('.f-close').on('click', function(){\n    $('.f-menu-section').removeClass('active')\n})\n\n\n$('.f-menu-section .elementor-icon-list-item a').on('click', function(){\n    \n    setTimeout(function(){\n        if(leavePage) return\n        $('.f-menu-section').addClass('faded')\n        setTimeout(function(){\n            $('.f-menu-section').removeClass('active')\n        },200)\n        setTimeout(function(){\n            $('.f-menu-section').removeClass('faded')\n        },1000+200)\n    },50)\n})\n\n})\n\nwindow.onbeforeunload = () => {\n    leavePage = true\n    \n}\n\n$(window).on('load resize', placeImages)\n\n<\/script>\t\t\t\t<\/div>\n\t\t\t\t<\/div>\n\t\t\t\t<\/div>\n\t\t\t\t\t<\/div>\n\t\t\t\t<\/div>\n\t\t<div class=\"elementor-element elementor-element-9645461 e-con-full f-open e-flex wpr-particle-no wpr-jarallax-no wpr-parallax-no wpr-sticky-section-no e-con e-child\" data-id=\"9645461\" data-element_type=\"container\">\n\t\t<div class=\"elementor-element elementor-element-a5b6a8d e-flex e-con-boxed wpr-particle-no wpr-jarallax-no wpr-parallax-no wpr-sticky-section-no e-con e-child\" data-id=\"a5b6a8d\" data-element_type=\"container\">\n\t\t\t\t\t<div class=\"e-con-inner\">\n\t\t\t\t<div class=\"elementor-element elementor-element-202d4c2 elementor-widget-divider--view-line elementor-widget elementor-widget-divider\" data-id=\"202d4c2\" data-element_type=\"widget\" data-widget_type=\"divider.default\">\n\t\t\t\t<div class=\"elementor-widget-container\">\n\t\t\t\t\t\t\t<div class=\"elementor-divider\">\n\t\t\t<span class=\"elementor-divider-separator\">\n\t\t\t\t\t\t<\/span>\n\t\t<\/div>\n\t\t\t\t\t\t<\/div>\n\t\t\t\t<\/div>\n\t\t\t\t<div class=\"elementor-element elementor-element-695d85d elementor-widget-divider--view-line elementor-widget elementor-widget-divider\" data-id=\"695d85d\" data-element_type=\"widget\" data-widget_type=\"divider.default\">\n\t\t\t\t<div class=\"elementor-widget-container\">\n\t\t\t\t\t\t\t<div class=\"elementor-divider\">\n\t\t\t<span class=\"elementor-divider-separator\">\n\t\t\t\t\t\t<\/span>\n\t\t<\/div>\n\t\t\t\t\t\t<\/div>\n\t\t\t\t<\/div>\n\t\t\t\t<div class=\"elementor-element elementor-element-5496123 elementor-widget-divider--view-line elementor-widget elementor-widget-divider\" data-id=\"5496123\" data-element_type=\"widget\" data-widget_type=\"divider.default\">\n\t\t\t\t<div class=\"elementor-widget-container\">\n\t\t\t\t\t\t\t<div class=\"elementor-divider\">\n\t\t\t<span class=\"elementor-divider-separator\">\n\t\t\t\t\t\t<\/span>\n\t\t<\/div>\n\t\t\t\t\t\t<\/div>\n\t\t\t\t<\/div>\n\t\t\t\t\t<\/div>\n\t\t\t\t<\/div>\n\t\t\t\t<\/div>\n\t\t\t\t<\/div>\n\t\t\t\t<\/div>\n\t\t","protected":false},"excerpt":{"rendered":"<p>Mart\u00ed Pou Construccions, S.L.U. (n\u00ba empresa: B-17425455), amb seu a C\/ Marinada, 22 &#8211; Urb. Mas Pau, 17742 Avinyonet de Puigvent\u00f3s, tel\u00e8fon 659469533 o 972546567, correu electr\u00f2nic martipou@outlook.com i lloc web www.martipoucons.com, respecta la privacitat dels usuaris del seu lloc web i compleix amb les legislacions de protecci\u00f3 de dades aplicables. 1. Recopilaci\u00f3 de Dades: 1.1 Cookies: Utilitzem cookies per millorar la carrega de la p\u00e0gina. Aquestes cookies, que s\u00f3n petites unitats d&#8217;informaci\u00f3 emmagatzemades al dispositiu de l&#8217;usuari, ajuden a optimitzar la seva experi\u00e8ncia de navegaci\u00f3. Podeu gestionar les vostres prefer\u00e8ncies de cookies mitjan\u00e7ant la configuraci\u00f3 del navegador. 1.2 Formularis: Les dades proporcionades a trav\u00e9s dels formularis de contacte es recopilen per gestionar les consultes i sol\u00b7licituds rebudes. Aquesta informaci\u00f3 es processa seguint els requisits de confidencialitat i seguretat. 2. \u00das de les Dades: 2.1 Cookies: Les cookies s&#8217;utilitzen amb l&#8217;objectiu de millorar la funcionalitat del lloc web. Cap dada personal identificable \u00e9s recopilada a trav\u00e9s d&#8217;aquestes cookies. 2.2 Formularis: Les dades facilitades als formularis es processen amb la finalitat d&#8217;atendre les consultes, sol\u00b7licituds o comunicacions rebudes. 3. Compartici\u00f3 de Dades: Mart\u00ed Pou Construccions, S.L.U. no comparteix les dades amb tercers, llevat que sigui necessari per atendre les sol\u00b7licituds dels usuaris o per complir amb obligacions legals. 4. Drets dels Usuaris: Els usuaris tenen dret a exercir els seus drets d&#8217;acc\u00e9s, rectificaci\u00f3, supressi\u00f3 i oposici\u00f3 al tractament de les seves dades personals. Per exercir aquests drets, poden posar-se en contacte amb nosaltres a trav\u00e9s dels mitjans proporcionats. 5. Legislaci\u00f3 Aplicable: Aquesta pol\u00edtica est\u00e0 alineada amb la Llei Org\u00e0nica 3\/2018, de 5 de desembre, de Protecci\u00f3 de Dades Personals i garantia dels drets digitals (LOPDGDD) i amb el Reglament (UE) 2016\/679 del Parlament Europeu i del Consell, de 27 d&#8217;abril de 2016, relatiu a la protecci\u00f3 de les persones f\u00edsiques pel que fa al tractament de dades personals i a la lliure circulaci\u00f3 d&#8217;aquestes dades (Reglament General de Protecci\u00f3 de Dades &#8211; RGPD). 6. Canvis en la Pol\u00edtica de Privacitat: Mart\u00ed Pou Construccions, S.L.U. es reserva el dret de modificar aquesta Pol\u00edtica de Privacitat per adaptar-se a canvis legislatius o pr\u00e0ctiques de privacitat actualitzades. Les actualitzacions es publicaran al lloc web. Aquesta Pol\u00edtica de Privacitat ha estat revisada l&#8217;\u00faltim dia de la meva coneixen\u00e7a (gener de 2023). Inici Qui Som Que Oferim Serveis Contacta<\/p>\n","protected":false},"author":1,"featured_media":0,"parent":0,"menu_order":0,"comment_status":"closed","ping_status":"closed","template":"","meta":{"_monsterinsights_skip_tracking":false,"_monsterinsights_sitenote_active":false,"_monsterinsights_sitenote_note":"","_monsterinsights_sitenote_category":0,"footnotes":""},"class_list":["post-295","page","type-page","status-publish","hentry"],"aioseo_notices":[],"_links":{"self":[{"href":"https:\/\/martipoucons.com\/index.php\/wp-json\/wp\/v2\/pages\/295","targetHints":{"allow":["GET"]}}],"collection":[{"href":"https:\/\/martipoucons.com\/index.php\/wp-json\/wp\/v2\/pages"}],"about":[{"href":"https:\/\/martipoucons.com\/index.php\/wp-json\/wp\/v2\/types\/page"}],"author":[{"embeddable":true,"href":"https:\/\/martipoucons.com\/index.php\/wp-json\/wp\/v2\/users\/1"}],"replies":[{"embeddable":true,"href":"https:\/\/martipoucons.com\/index.php\/wp-json\/wp\/v2\/comments?post=295"}],"version-history":[{"count":22,"href":"https:\/\/martipoucons.com\/index.php\/wp-json\/wp\/v2\/pages\/295\/revisions"}],"predecessor-version":[{"id":321,"href":"https:\/\/martipoucons.com\/index.php\/wp-json\/wp\/v2\/pages\/295\/revisions\/321"}],"wp:attachment":[{"href":"https:\/\/martipoucons.com\/index.php\/wp-json\/wp\/v2\/media?parent=295"}],"curies":[{"name":"wp","href":"https:\/\/api.w.org\/{rel}","templated":true}]}}